{"id":3,"date":"2019-02-07T15:22:17","date_gmt":"2019-02-07T14:22:17","guid":{"rendered":"http:\/\/canaimamarketing.es\/desarrollo\/?page_id=3"},"modified":"2022-04-03T13:30:28","modified_gmt":"2022-04-03T11:30:28","slug":"politica-privacidad","status":"publish","type":"page","link":"https:\/\/canaimamarketing.com\/en\/politica-privacidad\/","title":{"rendered":"Privacy and data protection policy"},"content":{"rendered":"<div data-elementor-type=\"wp-page\" data-elementor-id=\"3\" class=\"elementor elementor-3\">\n\t\t\t\t\t\t<section class=\"has_ae_slider elementor-section elementor-top-section elementor-element elementor-element-547f2f2 elementor-section-boxed elementor-section-height-default elementor-section-height-default ae-bg-gallery-type-default\" data-id=\"547f2f2\" data-element_type=\"section\">\n\t\t\t\t\t\t<div class=\"elementor-container elementor-column-gap-default\">\n\t\t\t\t\t<div class=\"has_ae_slider elementor-column elementor-col-100 elementor-top-column elementor-element elementor-element-bdfb92a ae-bg-gallery-type-default\" data-id=\"bdfb92a\" data-element_type=\"column\">\n\t\t\t<div class=\"elementor-widget-wrap elementor-element-populated\">\n\t\t\t\t\t\t<div class=\"elementor-element elementor-element-35107d0 elementor-widget elementor-widget-text-editor\" data-id=\"35107d0\" data-element_type=\"widget\" data-widget_type=\"text-editor.default\">\n\t\t\t\t<div class=\"elementor-widget-container\">\n\t\t\t<style>\/*! elementor - v3.23.0 - 05-08-2024 *\/\n.elementor-widget-text-editor.elementor-drop-cap-view-stacked .elementor-drop-cap{background-color:#69727d;color:#fff}.elementor-widget-text-editor.elementor-drop-cap-view-framed .elementor-drop-cap{color:#69727d;border:3px solid;background-color:transparent}.elementor-widget-text-editor:not(.elementor-drop-cap-view-default) .elementor-drop-cap{margin-top:8px}.elementor-widget-text-editor:not(.elementor-drop-cap-view-default) .elementor-drop-cap-letter{width:1em;height:1em}.elementor-widget-text-editor .elementor-drop-cap{float:left;text-align:center;line-height:1;font-size:50px}.elementor-widget-text-editor .elementor-drop-cap-letter{display:inline-block}<\/style>\t\t\t\t<p>\/\/Pol\u00edtica de Privacidad.<\/p><div id=\"gtx-trans\" style=\"position: absolute; left: 39px; top: 56.3299px;\"><div class=\"gtx-trans-icon\">\u00a0<\/div><\/div>\t\t\t\t\t\t<\/div>\n\t\t\t\t<\/div>\n\t\t\t\t\t<\/div>\n\t\t<\/div>\n\t\t\t\t\t<\/div>\n\t\t<\/section>\n\t\t\t\t<section class=\"has_ae_slider elementor-section elementor-top-section elementor-element elementor-element-4983a4c9 elementor-section-boxed elementor-section-height-default elementor-section-height-default ae-bg-gallery-type-default\" data-id=\"4983a4c9\" data-element_type=\"section\">\n\t\t\t\t\t\t<div class=\"elementor-container elementor-column-gap-default\">\n\t\t\t\t\t<div class=\"has_ae_slider elementor-column elementor-col-100 elementor-top-column elementor-element elementor-element-79c25498 ae-bg-gallery-type-default\" data-id=\"79c25498\" data-element_type=\"column\">\n\t\t\t<div class=\"elementor-widget-wrap elementor-element-populated\">\n\t\t\t\t\t\t<div class=\"elementor-element elementor-element-4d925b6e elementor-widget elementor-widget-text-editor\" data-id=\"4d925b6e\" data-element_type=\"widget\" data-widget_type=\"text-editor.default\">\n\t\t\t\t<div class=\"elementor-widget-container\">\n\t\t\t\t\t\t\t<h3><b>Reglamento General de Protecci\u00f3n de Datos (RGDP) \u2013 Mayo de 2018.<\/b><\/h3><p><span style=\"font-weight: 400;\">Le informamos que los datos personales de nuestros Clientes ser\u00e1n tratados de conformidad con los principios de transparencia, limitaci\u00f3n de la finalidad, minimizaci\u00f3n de datos, exactitud, integridad y confidencialidad, as\u00ed como respetando el resto de obligaciones y garant\u00edas establecidas en el Reglamento (UE) 2016\/679 del Parlamento Europeo y del Consejo de 27 de abril de 2016 relativo a la protecci\u00f3n de las personas f\u00edsicas en lo que respecta al tratamiento de datos personales y a la libre circulaci\u00f3n de estos datos.<\/span><\/p><h3><b>Incorporaci\u00f3n de datos personales a los ficheros de Canaima Marketing c.a.<\/b><\/h3><p><span style=\"font-weight: 400;\">De conformidad con lo establecido en la Ley Org\u00e1nica 15\/1999, de 13 de diciembre, de Protecci\u00f3n de Datos de Car\u00e1cter Personal (en adelante, \u201cLOPD\u201d), se informa a todas aquellas personas (en adelante, el \u201cUsuario\u201d o los \u201cUsuarios\u201d) que accedan y usen el sitio web accesible a trav\u00e9s del nombre de dominio www.canaimamarketing.es (en adelante, \u201cel sitio\u201d), incluyendo los subdominios del mismo, que todos los datos personales recogidos a trav\u00e9s de la Plataforma y otros medios, incluyendo los datos facilitados por el Usuario para la consecuci\u00f3n de servicios contratados y aquellos obtenidos a trav\u00e9s de cookies, ser\u00e1n incorporados y tratados en los ficheros titularidad de Canaima Marketing c.a. (en adelante, \u201cCanaima Marketing\u201d) con las siguientes finalidades: posibilitar la prestaci\u00f3n de los servicios solicitados por el Usuario, gesti\u00f3n y mantenimiento de la Plataforma, atender consultas o solicitudes planteadas, as\u00ed como mantener a los Usuarios informados, incluso por medios electr\u00f3nicos, sobre los servicios y\/o productos de Canaima Marketing.<\/span><\/p><p><span style=\"font-weight: 400;\">En caso de no desear recibir este tipo de comunicaciones, el Usuario debe indicarlo marcando la casilla habilitada a tal efecto.<\/span><\/p><p><span style=\"font-weight: 400;\">La cumplimentaci\u00f3n de todos los campos marcados como obligatorio, aquellos acompa\u00f1ados de un asterisco (*) o indicados de cualquier otra manera, en los formularios contenidos en el sitio es necesaria para lograr una \u00f3ptima prestaci\u00f3n de los servicios puestos a disposici\u00f3n del Usuario. De no facilitarse todos los datos, Canaima Marketing no garantiza que la informaci\u00f3n y los servicios solicitados puedan prestarse, se presten correctamente o se ajusten a las necesidades del Usuario.<\/span><\/p><p><span style=\"font-weight: 400;\">A fin de cumplir con el mencionado Reglamento, hemos actualizado nuestra Pol\u00edtica de Privacidad:<\/span><\/p><p><span style=\"font-weight: 400;\">Responsable: Canaima Marketing c.a., con R.I.F. J-40149219-3 y domicilio en Calle Cuman\u00e1, 16 El Cafetal Caracas 1061 \u2013 Venezuela, info@canaimamarketing.com, inscrita en el Registro Mercantil Segundo del Distrito Capital (Caracas \u2013 Venezuela), fecha 31 de agosto de 2012, N\u00ba 25, Tomo 248-A Sgdo.<\/span><\/p><p><span style=\"font-weight: 400;\">Finalidad del tratamiento: tratamos la informaci\u00f3n que nos facilita con el fin de prestarles el servicio solicitado, enviarles comunicaciones relativas a los productos adquiridos o similares y realizar la facturaci\u00f3n del mismo.<\/span><\/p><p><span style=\"font-weight: 400;\">Procedencia y categor\u00eda de datos tratados: los datos personales que trataremos son sus datos identificativos que usted nos facilite a trav\u00e9s del formulario de registro o contacto que encontrar\u00e1 en el sitio.<\/span><\/p><p><span style=\"font-weight: 400;\">Tiempo de conservaci\u00f3n: los datos proporcionados se conservar\u00e1n mientras se mantenga la relaci\u00f3n comercial o durante los a\u00f1os necesarios para cumplir con las obligaciones legales.<\/span><\/p><p><span style=\"font-weight: 400;\">Legitimaci\u00f3n: tratamos sus datos s\u00f3lo si contamos con su consentimiento expreso e informado para hacerlo, y siempre conforme a las finalidades descritas.<\/span><\/p><p><span style=\"font-weight: 400;\">Destinatarios: los datos que usted nos facilite no se ceder\u00e1 a terceros salvo en los casos que exista una contrataci\u00f3n de servicio de un tercero a trav\u00e9s de la plataforma, todo de acuerdo a nuestras Condiciones de Uso.<\/span><\/p><p><span style=\"font-weight: 400;\">Si bien, para llevar a cabo determinadas funciones necesarias para la prestaci\u00f3n del servicio, sus datos pueden ser tratados por terceros que actuar\u00e1n como encargados de tratamiento y que estar\u00e1n obligados contractualmente a cumplir con sus obligaciones legales de encargado de tratamiento, a mantener la confidencialidad y secreto de la informaci\u00f3n.<\/span><\/p><p><span style=\"font-weight: 400;\">Transferencias Internacionales: se informa que la Sociedad contrata la gesti\u00f3n de algunas de las funciones necesarias para la prestaci\u00f3n del servicio con encargados de tratamiento situados fuera de la UE y que garantizan un nivel adecuado de protecci\u00f3n de los datos personales.<\/span><\/p><h3><b>Ejercicio de derechos<\/b><\/h3><ul><li style=\"font-weight: 400;\" aria-level=\"1\"><span style=\"font-weight: 400;\">Derechos: usted es titular de los siguientes derechos sobre sus datos de car\u00e1cter personal:<\/span><\/li><li style=\"font-weight: 400;\" aria-level=\"1\"><span style=\"font-weight: 400;\">Derecho a solicitar el acceso a los datos personales.<\/span><\/li><li style=\"font-weight: 400;\" aria-level=\"1\"><span style=\"font-weight: 400;\">Derecho a solicitar su rectificaci\u00f3n o supresi\u00f3n.<\/span><\/li><li style=\"font-weight: 400;\" aria-level=\"1\"><span style=\"font-weight: 400;\">Derecho a solicitar la limitaci\u00f3n u oposici\u00f3n de su tratamiento.<\/span><\/li><li style=\"font-weight: 400;\" aria-level=\"1\"><span style=\"font-weight: 400;\">Derecho a la portabilidad de los datos.<\/span><\/li><li style=\"font-weight: 400;\" aria-level=\"1\"><span style=\"font-weight: 400;\">Revocaci\u00f3n del consentimiento prestado.<\/span><\/li><\/ul><p><span style=\"font-weight: 400;\">El Usuario puede ejercer sus derechos de acceso, rectificaci\u00f3n, cancelaci\u00f3n, oposici\u00f3n y los dem\u00e1s previstos en la LOPD, mediante una comunicaci\u00f3n escrita dirigida a Canaima Marketing c.a., Calle Cuman\u00e1, 16 El Cafetal Caracas 1061 \u2013 Venezuela , o bien mediante correo electr\u00f3nico dirigido a info@canaimamarketing.com. En ambos casos, el Usuario deber\u00e1 acompa\u00f1ar una copia de su documento nacional de identidad, pasaporte u otro documento v\u00e1lido que lo identifique.<\/span><\/p><p><span style=\"font-weight: 400;\">Asimismo, le informamos que puede usted solicitar la tutela de sus derechos ante la Agencia Espa\u00f1ola de Protecci\u00f3n de Datos con sede en la Calle de Jorge Juan, 6, 28001 Madrid.<\/span><\/p><h3><b>Navegaci\u00f3n con Cookies.<\/b><\/h3><p><span style=\"font-weight: 400;\">El sitio puede utilizar cookies, peque\u00f1os ficheros de datos que se generan en su ordenador para agilizar la navegaci\u00f3n y garantizar la operatividad de la plataforma, as\u00ed como para mejorar los contenidos de nuestro sitio y su experiencia como usuario. Usted tiene la posibilidad de eliminar e impedir la generaci\u00f3n de cookies mediante la selecci\u00f3n de la correspondiente opci\u00f3n en su programa de navegaci\u00f3n. Sin embargo, tenga en cuenta que la desactivaci\u00f3n de estos elementos puede impedir el buen funcionamiento del sitio web en algunos casos.<\/span><\/p><h2><b>Pol\u00edtica de cookies<\/b><\/h2><p><span style=\"font-weight: 400;\">Canaima Marketing utiliza cookies de terceros con la finalidad de medir y hacer seguimiento de la actividad del sitio.<\/span><\/p><p><span style=\"font-weight: 400;\">Al hacer clic en cualquier bot\u00f3n, casilla de verificaci\u00f3n o enlace contenido en el Sitio, rellenar un formulario o hacer login, descargar cualquier contenido o hacer scroll, el Usuario manifiesta su aceptaci\u00f3n al uso de cookies que hace el Sitio y la instalaci\u00f3n de las mismas en el ordenador usado (incluyendo, los dispositivos m\u00f3viles y los navegadores) por \u00e9ste para acceder y navegar a trav\u00e9s del mismo as\u00ed como la recogida y el tratamiento de los datos de car\u00e1cter personal del Usuario de la manera y finalidades descritas en esta Pol\u00edtica de cookies.<\/span><\/p><p><span style=\"font-weight: 400;\">En caso de no estar acuerdo con esta Pol\u00edtica de Cookies, el Usuario debe abstenerse de usar la Plataforma y abandonar el mismo de forma inmediata.<\/span><\/p><h3><b>\u00bfQu\u00e9 es una cookie?<\/b><\/h3><p><span style=\"font-weight: 400;\">Una cookie es un fichero que se descarga en el terminal (por ejemplo, un ordenador, un tel\u00e9fono m\u00f3vil, una tablet, etc.) del usuario cuando \u00e9ste accede y navega en determinadas p\u00e1ginas web, como por ejemplo, \u00e9sta. Las cookies permiten a dichas p\u00e1ginas web, entre otras cosas, monitorear, almacenar y recuperar informaci\u00f3n sobre los h\u00e1bitos de navegaci\u00f3n del Usuario (por ejemplo, preferencias, perfil, claves de acceso, etc.) as\u00ed como informaci\u00f3n t\u00e9cnica relacionada con la navegabilidad de los sitios web. Las cookies tambi\u00e9n contribuyen a la funcionalidad, usabilidad y accesibilidad de las p\u00e1ginas web.<\/span><\/p><p><span style=\"font-weight: 400;\">Canaima Marketing puede utilizar cookies dependiendo de la funci\u00f3n y finalidad; existen varios tipos:<\/span><\/p><p><span style=\"font-weight: 400;\">Anal\u00edticas: Estas cookies recogen informaci\u00f3n con la finalidad de permitir a los sitios web realizar una evaluaci\u00f3n del uso que hace los usuarios de los mismos y su actividad general as\u00ed como recopilar datos estad\u00edsticos. Las cookies anal\u00edticas miden y recogen datos del sitio web (visitas, par\u00e1metros de tr\u00e1fico, clicks, p\u00e1ginas vistas, etc.) para entender y optimizar la p\u00e1gina web.<\/span><\/p><p><span style=\"font-weight: 400;\">Google Analytics<\/span><\/p><p><span style=\"font-weight: 400;\">Canaima Marketing utiliza Google Analytics (cookies de terceros) en el sitio. Se trata de un servicio anal\u00edtico prestado por la empresa Google, Inc. (en adelante, \u201cGoogle\u201d). Por medio de Google Analytics, Canaima Marketing analiza la interacci\u00f3n del Usuario con el sitio, hace seguimiento de los h\u00e1bitos de navegaci\u00f3n del mismo dentro de la misma, recoge datos de su actividad para que Canaima Marketing pueda medir el rendimiento de \u00e9sta.<\/span><\/p><p><span style=\"font-weight: 400;\">Google es una empresa ubicada en los Estados Unidos. Por tanto, los datos tratados por Google Analytics (incluyendo la direcci\u00f3n IP del Usuario) podr\u00e1n ser transferidos a Estados Unidos y almacenados en los servidores de Google ubicados en dicho pa\u00eds.<\/span><\/p><p><span style=\"font-weight: 400;\">El Usuario puede gestionar y bloquear el tratamiento de sus datos de car\u00e1cter personal a trav\u00e9s de Google Analytics mediante la configuraci\u00f3n del navegador usado para acceder a el sitio.<\/span><\/p><p><span style=\"font-weight: 400;\">Asimismo, si desea no ser rastreado por las cookies anal\u00edticas cuando navegue por Internet, Google ha desarrollado un complemento de inhabilitaci\u00f3n. Para poder instalarlo, siga las instrucciones que encontrar\u00e1 en el siguiente link: https:\/\/tools.google.com\/dlpage\/gaoptout<\/span><\/p><p><span style=\"font-weight: 400;\">El Usuario puede ampliar la informaci\u00f3n aqu\u00ed contenida sobre Google Analytics haciendo clic <\/span><a href=\"https:\/\/support.google.com\/analytics\/answer\/6004245?hl=es\"><span style=\"font-weight: 400;\">aqu\u00ed<\/span><\/a><span style=\"font-weight: 400;\">.<\/span><\/p><p><span style=\"font-weight: 400;\">Por otro lado, el Usuario puede desactivar Google Analytics mediante la instalaci\u00f3n de un complemento de inhabilitaci\u00f3n. El Usuario puede obtener m\u00e1s informaci\u00f3n sobre dicho complemento haciendo clic <\/span><a href=\"https:\/\/support.google.com\/analytics\/answer\/181881?hl=es\"><span style=\"font-weight: 400;\">aqu\u00ed<\/span><\/a><span style=\"font-weight: 400;\">.<\/span><\/p><p><span style=\"font-weight: 400;\">Sociales: Son necesarias para gestionar las redes sociales externas (Facebook, Google, Twitter, Pinterest, etc.). Su funci\u00f3n es controlar la interacci\u00f3n con los widgets sociales dentro de el sitio.<\/span><\/p><p><span style=\"font-weight: 400;\">T\u00e9cnicas: Estas cookies son estrictamente necesarias para la funcionalidad y usabilidad de los sitios web, permitiendo la navegaci\u00f3n a trav\u00e9s de los mismos por parte del usuario y la utilizaci\u00f3n de sus diferentes opciones y servicios. Para conocer que cookies utiliza la plataforma puede ponerse en contacto con Canaima Marketing a trav\u00e9s de info@canaimamarketing.com.<\/span><\/p><p><span style=\"font-weight: 400;\">Cookies de publicidad y comportamentales: Recogen informaci\u00f3n sobre los h\u00e1bitos de navegaci\u00f3n del Usuario y su comportamiento con la finalidad de identificar las preferencias, gustos y h\u00e1bitos dentro de un sitio web espec\u00edfico. Estas cookies permiten adecuar el contenido de la publicidad en base al an\u00e1lisis realizado de los h\u00e1bitos de navegaci\u00f3n del usuario y deduciendo las caracter\u00edsticas del mismo como localizaci\u00f3n, grupo de edad, g\u00e9nero.<\/span><\/p><p><span style=\"font-weight: 400;\">Cookies de personalizaci\u00f3n: Son aqu\u00e9llas que permiten a los sitios web conservar determinadas preferencias (por ejemplo, idioma, pa\u00eds, configuraci\u00f3n regional, etc.) predefinidas por el usuario en su primera visita (y posteriores) en sitio web. Para conocer que cookies utiliza la plataforma puede ponerse en contacto con Canaima Marketing a trav\u00e9s de info@canaimamarketing.com.<\/span><\/p><p><span style=\"font-weight: 400;\">Cookies de terceros: Las cookies de terceros son titularidad de terceros y usadas por los sitios web a objeto de gestionar y mejorar el contenido y los servicios ofrecidos.<\/span><\/p><p><span style=\"font-weight: 400;\">Para obtener m\u00e1s informaci\u00f3n acerca de las cookies, el Usuario puede visitar la p\u00e1gina web https:\/\/www.allaboutcookies.org\/es.<\/span><\/p><h3><b>\u00bfC\u00f3mo puedo desactivar o eliminar las cookies que utiliza la Plataforma?<\/b><\/h3><p><span style=\"font-weight: 400;\">El Usuario puede gestionar la actividad de las cookies, bloquearlas o eliminarlas mediante la selecci\u00f3n de la configuraci\u00f3n apropiada del navegador empleado para navegar en la Plataforma. En caso contrario, la navegaci\u00f3n por la Plataforma por parte del Usuario implica su aceptaci\u00f3n del uso de las mismas conforme lo aqu\u00ed expuesto.<\/span><\/p><h4><b>NAVEGADORES PC<\/b><\/h4><p><span style=\"font-weight: 400;\">Mozilla Firefox: En caso de utilizar el navegador Mozilla Firefox, el Usuario puede obtener informaci\u00f3n sobre c\u00f3mo gestionar o bloquear el uso de cookies y eliminarlas haciendo clic <\/span><a href=\"https:\/\/support.mozilla.org\/es\/kb\/configuracion-privacidad-historial-navegacion-funcion-no-quiero-ser-rastreado?redirectlocale=es&amp;redirectslug=configuracion-de-la-privacidad-el-historial-de-nav#w_historial\"><span style=\"font-weight: 400;\">aqu\u00ed<\/span><\/a><span style=\"font-weight: 400;\">.<\/span><\/p><p><span style=\"font-weight: 400;\">Internet Explorer: En caso de utilizar el navegador Internet Explorer, el Usuario puede obtener informaci\u00f3n sobre c\u00f3mo gestionar o bloquear el uso de cookies y eliminarlas haciendo clic <\/span><a href=\"https:\/\/support.microsoft.com\/es-es\/help\/17442\/windows-internet-explorer-delete-manage-cookies#ie=ie-11\"><span style=\"font-weight: 400;\">aqu\u00ed<\/span><\/a><span style=\"font-weight: 400;\">.<\/span><\/p><p><span style=\"font-weight: 400;\">Google Chrome: En caso de utilizar el navegador Google Chrome, el Usuario puede obtener informaci\u00f3n sobre c\u00f3mo gestionar o bloquear el uso de cookies y eliminarlas haciendo clic <\/span><a href=\"https:\/\/support.google.com\/chrome\/answer\/95647?hl=es&amp;ref_topic=3434352\"><span style=\"font-weight: 400;\">aqu\u00ed<\/span><\/a><span style=\"font-weight: 400;\">.<\/span><\/p><p><span style=\"font-weight: 400;\">Apple Safari: En caso de utilizar el navegador Apple Safari, el Usuario puede obtener informaci\u00f3n sobre c\u00f3mo gestionar o bloquear el uso de cookies y eliminarlas en la versi\u00f3n Safari 6\/7 (Mavericks) haciendo clic <\/span><a href=\"https:\/\/support.apple.com\/kb\/PH17191?locale=es_ES\"><span style=\"font-weight: 400;\">aqu\u00ed<\/span><\/a><span style=\"font-weight: 400;\"> y en la versi\u00f3n Safari 8 (Yosemite) <\/span><a href=\"https:\/\/support.apple.com\/kb\/PH19214?locale=es_ES&amp;viewlocale=es_ES\"><span style=\"font-weight: 400;\">aqu\u00ed<\/span><\/a><span style=\"font-weight: 400;\">.<\/span><\/p><p><span style=\"font-weight: 400;\">Opera: En caso de utilizar el navegador Opera, el Usuario puede obtener informaci\u00f3n sobre c\u00f3mo gestionar o bloquear el uso de cookies y eliminarlas haciendo clic <\/span><a href=\"https:\/\/arpentechnologies.com\/es\/condiciones\/\"><span style=\"font-weight: 400;\">aqu\u00ed<\/span><\/a><span style=\"font-weight: 400;\">.<\/span><\/p><h4><b>NAVEGADORES DISPOSITIVOS M\u00d3VILES<\/b><\/h4><p><span style=\"font-weight: 400;\">IOS: El Usuario puede obtener informaci\u00f3n sobre c\u00f3mo gestionar o bloquear el uso de cookies y eliminarlas en Opera (en ingl\u00e9s) haciendo clic <\/span><a href=\"https:\/\/www.opera.com\/es-419\/help\/mini\/ios\"><span style=\"font-weight: 400;\">aqu\u00ed<\/span><\/a><span style=\"font-weight: 400;\">, en Safari <\/span><a href=\"https:\/\/support.apple.com\/es-es\/HT201265\"><span style=\"font-weight: 400;\">aqu\u00ed<\/span><\/a><span style=\"font-weight: 400;\"> y en Google Chrome <\/span><a href=\"https:\/\/support.google.com\/chrome\/answer\/2392709?hl=es\"><span style=\"font-weight: 400;\">aqu\u00ed<\/span><\/a><span style=\"font-weight: 400;\">.<\/span><\/p><p><span style=\"font-weight: 400;\">Android: El Usuario puede obtener informaci\u00f3n sobre c\u00f3mo gestionar o bloquear el uso de cookies y eliminarlas en Mozilla Firefox haciendo clic <\/span><a href=\"https:\/\/support.mozilla.org\/es\/kb\/habilitar-o-deshabilitar-cookies-en-firefox-para-android\"><span style=\"font-weight: 400;\">aqu\u00ed<\/span><\/a><span style=\"font-weight: 400;\"> y en Google Chrome <\/span><a href=\"https:\/\/support.google.com\/chrome\/answer\/95647?co=GENIE.Platform%3DDesktop&amp;hl=es\"><span style=\"font-weight: 400;\">aqu\u00ed<\/span><\/a><span style=\"font-weight: 400;\">.<\/span><\/p><p><span style=\"font-weight: 400;\">Windows Phone: El Usuario puede obtener informaci\u00f3n sobre c\u00f3mo gestionar o bloquear el uso de cookies y eliminarlas en la versi\u00f3n Windows Phone 7 haciendo clic <\/span><a href=\"https:\/\/support.microsoft.com\/es-es\/help\/11696\/windows-phone-7\"><span style=\"font-weight: 400;\">aqu\u00ed<\/span><\/a><span style=\"font-weight: 400;\">, en la versi\u00f3n Windows Phone 8 <\/span><a href=\"https:\/\/support.microsoft.com\/es-es\/products\/windowsphone\"><span style=\"font-weight: 400;\">aqu\u00ed<\/span><\/a><span style=\"font-weight: 400;\"> y en la en la versi\u00f3n Windows Phone 10 <\/span><a href=\"https:\/\/privacy.microsoft.com\/es-ES\/windows10privacy\"><span style=\"font-weight: 400;\">aqu\u00ed<\/span><\/a><span style=\"font-weight: 400;\">.<\/span><\/p><p><span style=\"font-weight: 400;\">El bloqueo, la deshabilitaci\u00f3n o la eliminaci\u00f3n de las cookies utilizadas por Arpen Technologies en la Plataforma puede afectar la plena funcionalidad del mismo; haciendo que algunos servicios o funciones de la Plataforma no est\u00e9n disponibles para el Usuario.<\/span><\/p><p><span style=\"font-weight: 400;\">Caracas, 10 de junio de 2021<\/span><\/p><p>\u00a0<\/p>\t\t\t\t\t\t<\/div>\n\t\t\t\t<\/div>\n\t\t\t\t\t<\/div>\n\t\t<\/div>\n\t\t\t\t\t<\/div>\n\t\t<\/section>\n\t\t\t\t<\/div>","protected":false},"excerpt":{"rendered":"<p>\/\/Pol\u00edtica de Privacidad. \u00a0 Reglamento General de Protecci\u00f3n de Datos (RGDP) \u2013 Mayo de 2018. Le informamos que los datos personales de nuestros Clientes ser\u00e1n tratados de conformidad con los principios de transparencia, limitaci\u00f3n de la finalidad, minimizaci\u00f3n de datos, exactitud, integridad y confidencialidad, as\u00ed como respetando el resto de obligaciones y garant\u00edas establecidas en [&hellip;]<\/p>\n","protected":false},"author":19,"featured_media":0,"parent":0,"menu_order":0,"comment_status":"closed","ping_status":"closed","template":"elementor_header_footer","meta":[],"acf":[],"_links":{"self":[{"href":"https:\/\/canaimamarketing.com\/en\/wp-json\/wp\/v2\/pages\/3"}],"collection":[{"href":"https:\/\/canaimamarketing.com\/en\/wp-json\/wp\/v2\/pages"}],"about":[{"href":"https:\/\/canaimamarketing.com\/en\/wp-json\/wp\/v2\/types\/page"}],"author":[{"embeddable":true,"href":"https:\/\/canaimamarketing.com\/en\/wp-json\/wp\/v2\/users\/19"}],"replies":[{"embeddable":true,"href":"https:\/\/canaimamarketing.com\/en\/wp-json\/wp\/v2\/comments?post=3"}],"version-history":[{"count":0,"href":"https:\/\/canaimamarketing.com\/en\/wp-json\/wp\/v2\/pages\/3\/revisions"}],"wp:attachment":[{"href":"https:\/\/canaimamarketing.com\/en\/wp-json\/wp\/v2\/media?parent=3"}],"curies":[{"name":"wp","href":"https:\/\/api.w.org\/{rel}","templated":true}]}}